{"id":1200,"date":"2016-02-12T07:54:41","date_gmt":"2016-02-12T07:54:41","guid":{"rendered":"http:\/\/demos.famethemes.com\/onepress-oneify\/?page_id=4"},"modified":"2025-12-10T17:09:44","modified_gmt":"2025-12-10T17:09:44","slug":"home","status":"publish","type":"page","link":"https:\/\/srteam-t.eu\/","title":{"rendered":"Forgalmazott m\u00e1rk\u00e1ink"},"content":{"rendered":"\n<div class=\"wp-block-columns is-layout-flex wp-container-core-columns-is-layout-9d6595d7 wp-block-columns-is-layout-flex\">\n<div class=\"wp-block-column is-layout-flow wp-block-column-is-layout-flow\">\n<figure class=\"wp-block-image size-large\"><a href=\"https:\/\/brianjamestrailers.srteam.eu\/\" target=\"_blank\" rel=\"noopener\"><img loading=\"lazy\" decoding=\"async\" width=\"300\" height=\"200\" src=\"https:\/\/srteam-t.eu\/wp-content\/uploads\/2021\/03\/brianjames.jpg\" alt=\"\" class=\"wp-image-1316\" srcset=\"https:\/\/srteam-t.eu\/wp-content\/uploads\/2021\/03\/brianjames.jpg 300w, https:\/\/srteam-t.eu\/wp-content\/uploads\/2021\/03\/brianjames-90x60.jpg 90w\" sizes=\"auto, (max-width: 300px) 100vw, 300px\" \/><\/a><figcaption class=\"wp-element-caption\"><strong><a href=\"https:\/\/brianjamestrailers.srteam.eu\/\" target=\"_blank\" rel=\"noreferrer noopener\">Brian James Trailers<\/a><\/strong><br>A legismertebb sportc\u00e9l\u00fa nyitott \u00e9s z\u00e1rt aut\u00f3sz\u00e1ll\u00edt\u00f3k gy\u00e1rt\u00f3ja<\/figcaption><\/figure>\n<\/div>\n\n\n\n<div class=\"wp-block-column is-layout-flow wp-block-column-is-layout-flow\">\n<figure class=\"wp-block-image size-full\"><a href=\"https:\/\/algema-fitzel.com\/hu\/\" target=\"_blank\" rel=\"noreferrer noopener\"><img loading=\"lazy\" decoding=\"async\" width=\"300\" height=\"200\" src=\"https:\/\/srteam-t.eu\/wp-content\/uploads\/2024\/02\/algema-fitzel.jpg\" alt=\"\" class=\"wp-image-1427\" srcset=\"https:\/\/srteam-t.eu\/wp-content\/uploads\/2024\/02\/algema-fitzel.jpg 300w, https:\/\/srteam-t.eu\/wp-content\/uploads\/2024\/02\/algema-fitzel-90x60.jpg 90w\" sizes=\"auto, (max-width: 300px) 100vw, 300px\" \/><\/a><figcaption class=\"wp-element-caption\"><strong><a href=\"https:\/\/algema-fitzel.com\/hu\/\" data-type=\"link\" data-id=\"https:\/\/algema-fitzel.com\/hu\" target=\"_blank\" rel=\"noreferrer noopener\">Algema &#8211; FITZEL<\/a><\/strong><br>N\u00e9met min\u0151s\u00e9g t\u00f6bb mint 40\u00e9ve&#8230; <\/figcaption><\/figure>\n\n\n\n<p><\/p>\n<\/div>\n\n\n\n<div class=\"wp-block-column is-layout-flow wp-block-column-is-layout-flow\">\n<figure class=\"wp-block-image size-full\"><img loading=\"lazy\" decoding=\"async\" width=\"300\" height=\"200\" src=\"https:\/\/srteam-t.eu\/wp-content\/uploads\/2021\/10\/cresci.jpg\" alt=\"\" class=\"wp-image-1407\" srcset=\"https:\/\/srteam-t.eu\/wp-content\/uploads\/2021\/10\/cresci.jpg 300w, https:\/\/srteam-t.eu\/wp-content\/uploads\/2021\/10\/cresci-90x60.jpg 90w\" sizes=\"auto, (max-width: 300px) 100vw, 300px\" \/><figcaption class=\"wp-element-caption\"><strong><a href=\"http:\/\/www.crescirimorchi.it\/public\/Cresci%20Catalogo%202019.pdf\" data-type=\"URL\" data-id=\"http:\/\/www.crescirimorchi.it\/public\/Cresci%20Catalogo%202019.pdf\" target=\"_blank\" rel=\"noreferrer noopener\">Cresci<\/a><\/strong><br>Munka, sport, szabadid\u0151&#8230;<br>A sz\u00e1ll\u00edt\u00e1s szabads\u00e1ga Olaszorsz\u00e1gb\u00f3l<\/figcaption><\/figure>\n<\/div>\n\n\n\n<div class=\"wp-block-column is-layout-flow wp-block-column-is-layout-flow\">\n<figure class=\"wp-block-image size-full\"><img loading=\"lazy\" decoding=\"async\" width=\"300\" height=\"200\" src=\"https:\/\/srteam-t.eu\/wp-content\/uploads\/2023\/07\/wark.jpg\" alt=\"\" class=\"wp-image-1415\" srcset=\"https:\/\/srteam-t.eu\/wp-content\/uploads\/2023\/07\/wark.jpg 300w, https:\/\/srteam-t.eu\/wp-content\/uploads\/2023\/07\/wark-90x60.jpg 90w\" sizes=\"auto, (max-width: 300px) 100vw, 300px\" \/><figcaption class=\"wp-element-caption\"><strong><a href=\"https:\/\/srteam-t.eu\/index.php\/wark\/\" data-type=\"page\" data-id=\"1340\">WARK k\u00e1beltr\u00e9lerek<\/a><\/strong><br>Nemcsak tr\u00e9lert \u00e1rulunk, megold\u00e1st k\u00edn\u00e1lunk<\/figcaption><\/figure>\n<\/div>\n<\/div>\n\n\n\n<p><\/p>\n","protected":false},"excerpt":{"rendered":"","protected":false},"author":1,"featured_media":0,"parent":0,"menu_order":0,"comment_status":"closed","ping_status":"closed","template":"","meta":{"footnotes":""},"class_list":["post-1200","page","type-page","status-publish","hentry"],"_links":{"self":[{"href":"https:\/\/srteam-t.eu\/index.php\/wp-json\/wp\/v2\/pages\/1200","targetHints":{"allow":["GET"]}}],"collection":[{"href":"https:\/\/srteam-t.eu\/index.php\/wp-json\/wp\/v2\/pages"}],"about":[{"href":"https:\/\/srteam-t.eu\/index.php\/wp-json\/wp\/v2\/types\/page"}],"author":[{"embeddable":true,"href":"https:\/\/srteam-t.eu\/index.php\/wp-json\/wp\/v2\/users\/1"}],"replies":[{"embeddable":true,"href":"https:\/\/srteam-t.eu\/index.php\/wp-json\/wp\/v2\/comments?post=1200"}],"version-history":[{"count":28,"href":"https:\/\/srteam-t.eu\/index.php\/wp-json\/wp\/v2\/pages\/1200\/revisions"}],"predecessor-version":[{"id":1494,"href":"https:\/\/srteam-t.eu\/index.php\/wp-json\/wp\/v2\/pages\/1200\/revisions\/1494"}],"wp:attachment":[{"href":"https:\/\/srteam-t.eu\/index.php\/wp-json\/wp\/v2\/media?parent=1200"}],"curies":[{"name":"wp","href":"https:\/\/api.w.org\/{rel}","templated":true}]}}