{"id":1340,"date":"2021-04-04T15:24:00","date_gmt":"2021-04-04T15:24:00","guid":{"rendered":"https:\/\/srteam-t.eu\/?page_id=1340"},"modified":"2025-12-10T17:06:22","modified_gmt":"2025-12-10T17:06:22","slug":"wark","status":"publish","type":"page","link":"https:\/\/srteam-t.eu\/index.php\/wark\/","title":{"rendered":"WARK k\u00e1bel tr\u00e9lerek"},"content":{"rendered":"\n<figure class=\"wp-block-gallery has-nested-images columns-3 is-cropped wp-block-gallery-1 is-layout-flex wp-block-gallery-is-layout-flex\">\n<figure class=\"wp-block-image size-large\"><img loading=\"lazy\" decoding=\"async\" width=\"865\" height=\"460\" data-id=\"1437\" src=\"https:\/\/srteam-t.eu\/wp-content\/uploads\/2025\/11\/wark1350.jpg\" alt=\"\" class=\"wp-image-1437\" srcset=\"https:\/\/srteam-t.eu\/wp-content\/uploads\/2025\/11\/wark1350.jpg 865w, https:\/\/srteam-t.eu\/wp-content\/uploads\/2025\/11\/wark1350-300x160.jpg 300w, https:\/\/srteam-t.eu\/wp-content\/uploads\/2025\/11\/wark1350-768x408.jpg 768w, https:\/\/srteam-t.eu\/wp-content\/uploads\/2025\/11\/wark1350-113x60.jpg 113w\" sizes=\"auto, (max-width: 865px) 100vw, 865px\" \/><figcaption class=\"wp-element-caption\"><strong>WARK 1350<\/strong><\/figcaption><\/figure>\n\n\n\n<figure class=\"wp-block-image size-large\"><img loading=\"lazy\" decoding=\"async\" width=\"927\" height=\"490\" data-id=\"1438\" src=\"https:\/\/srteam-t.eu\/wp-content\/uploads\/2025\/11\/wark2700.jpg\" alt=\"\" class=\"wp-image-1438\" srcset=\"https:\/\/srteam-t.eu\/wp-content\/uploads\/2025\/11\/wark2700.jpg 927w, https:\/\/srteam-t.eu\/wp-content\/uploads\/2025\/11\/wark2700-300x159.jpg 300w, https:\/\/srteam-t.eu\/wp-content\/uploads\/2025\/11\/wark2700-768x406.jpg 768w, https:\/\/srteam-t.eu\/wp-content\/uploads\/2025\/11\/wark2700-114x60.jpg 114w\" sizes=\"auto, (max-width: 927px) 100vw, 927px\" \/><figcaption class=\"wp-element-caption\"><strong>WARK 2700<\/strong><\/figcaption><\/figure>\n\n\n\n<figure class=\"wp-block-image size-full\"><img loading=\"lazy\" decoding=\"async\" width=\"1008\" height=\"512\" data-id=\"1475\" src=\"https:\/\/srteam-t.eu\/wp-content\/uploads\/2025\/12\/wark3500.jpg\" alt=\"\" class=\"wp-image-1475\" srcset=\"https:\/\/srteam-t.eu\/wp-content\/uploads\/2025\/12\/wark3500.jpg 1008w, https:\/\/srteam-t.eu\/wp-content\/uploads\/2025\/12\/wark3500-300x152.jpg 300w, https:\/\/srteam-t.eu\/wp-content\/uploads\/2025\/12\/wark3500-768x390.jpg 768w, https:\/\/srteam-t.eu\/wp-content\/uploads\/2025\/12\/wark3500-118x60.jpg 118w\" sizes=\"auto, (max-width: 1008px) 100vw, 1008px\" \/><figcaption class=\"wp-element-caption\"><strong>WARK 3500<\/strong><\/figcaption><\/figure>\n<\/figure>\n\n\n\n<p style=\"font-size:30px\"><br><strong>Wark 1350<\/strong><\/p>\n\n\n\n<div class=\"wp-block-media-text alignwide is-stacked-on-mobile\" style=\"grid-template-columns:47% auto\"><figure class=\"wp-block-media-text__media\"><img loading=\"lazy\" decoding=\"async\" width=\"736\" height=\"425\" src=\"https:\/\/srteam-t.eu\/wp-content\/uploads\/2025\/11\/wark1350_2.jpg\" alt=\"\" class=\"wp-image-1434 size-full\" srcset=\"https:\/\/srteam-t.eu\/wp-content\/uploads\/2025\/11\/wark1350_2.jpg 736w, https:\/\/srteam-t.eu\/wp-content\/uploads\/2025\/11\/wark1350_2-300x173.jpg 300w, https:\/\/srteam-t.eu\/wp-content\/uploads\/2025\/11\/wark1350_2-104x60.jpg 104w\" sizes=\"auto, (max-width: 736px) 100vw, 736px\" \/><\/figure><div class=\"wp-block-media-text__content\">\n<p>\u00d6sszs\u00faly: 1350 kg<br>\u00d6ns\u00faly: 360 kg<br>Terhelhet\u0151s\u00e9g: 990 kg<br><br>Sz\u00e9riafelszerelts\u00e9g:<\/p>\n\n\n\n<ul class=\"wp-block-list\">\n<li>r\u00e1fut\u00f3 f\u00e9k<\/li>\n\n\n\n<li>er\u0151s\u00edtett, galvaniz\u00e1lt alv\u00e1z<\/li>\n\n\n\n<li>1db f\u00e9kezett tengely<\/li>\n\n\n\n<li>2db ker\u00e9k 185R14C<\/li>\n\n\n\n<li>t\u00e1maszt\u00f3-ker\u00e9k, t\u00e1maszt\u00f3-l\u00e1b<\/li>\n\n\n\n<li>KNOTT k\u00e9zi cs\u00f6rl\u0151 ac\u00e9l k\u00e1bellel<\/li>\n\n\n\n<li>k\u00e1beltart\u00f3 2300mm x 1200mm (\u00e1tm\u00e9r\u0151 x sz\u00e9less\u00e9g)<\/li>\n<\/ul>\n\n\n\n<p>Kieg\u00e9sz\u00edt\u0151k:<br>plusz k\u00e1beltart\u00f3 r\u00fad<br>p\u00f3tker\u00e9k tart\u00f3val<\/p>\n<\/div><\/div>\n\n\n\n<hr class=\"wp-block-separator has-alpha-channel-opacity\"\/>\n\n\n\n<p style=\"font-size:30px\"><br><strong>Wark 2700<\/strong><\/p>\n\n\n\n<div class=\"wp-block-media-text alignwide is-stacked-on-mobile\" style=\"grid-template-columns:47% auto\"><figure class=\"wp-block-media-text__media\"><img loading=\"lazy\" decoding=\"async\" width=\"880\" height=\"465\" src=\"https:\/\/srteam-t.eu\/wp-content\/uploads\/2025\/11\/wark2700_5.jpg\" alt=\"\" class=\"wp-image-1447 size-full\" srcset=\"https:\/\/srteam-t.eu\/wp-content\/uploads\/2025\/11\/wark2700_5.jpg 880w, https:\/\/srteam-t.eu\/wp-content\/uploads\/2025\/11\/wark2700_5-300x159.jpg 300w, https:\/\/srteam-t.eu\/wp-content\/uploads\/2025\/11\/wark2700_5-768x406.jpg 768w, https:\/\/srteam-t.eu\/wp-content\/uploads\/2025\/11\/wark2700_5-114x60.jpg 114w\" sizes=\"auto, (max-width: 880px) 100vw, 880px\" \/><\/figure><div class=\"wp-block-media-text__content\">\n<p>\u00d6sszs\u00faly: 2700 kg<br>\u00d6ns\u00faly: 660 kg<br>Terhelhet\u0151s\u00e9g: 2040 kg<br>M\u00e9rete: 3000 x 1520 x 1600mm<\/p>\n\n\n\n<p>Sz\u00e9riafelszerelts\u00e9g:<\/p>\n\n\n\n<ul class=\"wp-block-list\">\n<li>r\u00e1fut\u00f3 f\u00e9k<\/li>\n\n\n\n<li>er\u0151s\u00edtett, galvaniz\u00e1lt alv\u00e1z<\/li>\n\n\n\n<li>2db f\u00e9kezett tengely<\/li>\n\n\n\n<li>4db ker\u00e9k 185R14C<\/li>\n\n\n\n<li>automata t\u00e1maszt\u00f3-ker\u00e9k, t\u00e1maszt\u00f3-l\u00e1b<\/li>\n\n\n\n<li>KNOTT k\u00e9zi cs\u00f6rl\u0151 ac\u00e9l k\u00e1bellel<\/li>\n\n\n\n<li>k\u00e1beltart\u00f3 2600mm x 1740mm (\u00e1tm\u00e9r\u0151 x sz\u00e9less\u00e9g)<\/li>\n<\/ul>\n\n\n\n<p>Kieg\u00e9sz\u00edt\u0151k:<br>t\u00e1rol\u00f3-doboz<br>p\u00f3tker\u00e9k tart\u00f3val<br>plusz k\u00e1beltart\u00f3 r\u00fad<br>elektromos cs\u00f6rl\u0151<br>fut\u00f3m\u0171-stabiliz\u00e1tor AKS 3004<\/p>\n<\/div><\/div>\n\n\n\n<hr class=\"wp-block-separator has-alpha-channel-opacity\"\/>\n\n\n\n<p style=\"font-size:30px\"><br><strong>Wark 3500<\/strong><\/p>\n\n\n\n<div class=\"wp-block-media-text alignwide is-stacked-on-mobile\" style=\"grid-template-columns:47% auto\"><figure class=\"wp-block-media-text__media\"><img loading=\"lazy\" decoding=\"async\" width=\"660\" height=\"479\" src=\"https:\/\/srteam-t.eu\/wp-content\/uploads\/2025\/11\/wark3500_1.jpg\" alt=\"\" class=\"wp-image-1450 size-full\" srcset=\"https:\/\/srteam-t.eu\/wp-content\/uploads\/2025\/11\/wark3500_1.jpg 660w, https:\/\/srteam-t.eu\/wp-content\/uploads\/2025\/11\/wark3500_1-300x218.jpg 300w, https:\/\/srteam-t.eu\/wp-content\/uploads\/2025\/11\/wark3500_1-83x60.jpg 83w\" sizes=\"auto, (max-width: 660px) 100vw, 660px\" \/><\/figure><div class=\"wp-block-media-text__content\">\n<p>\u00d6sszs\u00faly: 3500 kg<br>\u00d6ns\u00faly: 737 kg<br>Terhelhet\u0151s\u00e9g: 2763 kg<br><br>Sz\u00e9riafelszerelts\u00e9g:<\/p>\n\n\n\n<ul class=\"wp-block-list\">\n<li>r\u00e1fut\u00f3 f\u00e9k<\/li>\n\n\n\n<li>er\u0151s\u00edtett, galvaniz\u00e1lt alv\u00e1z<\/li>\n\n\n\n<li>2db f\u00e9kezett tengely<\/li>\n\n\n\n<li>4db ker\u00e9k 185R14C<\/li>\n\n\n\n<li>automata t\u00e1maszt\u00f3-ker\u00e9k, t\u00e1maszt\u00f3-l\u00e1b<\/li>\n\n\n\n<li>elektromos cs\u00f6rl\u0151<\/li>\n\n\n\n<li>k\u00e1beltart\u00f3 2600mm x 1740mm (\u00e1tm\u00e9r\u0151 x sz\u00e9less\u00e9g)<\/li>\n<\/ul>\n\n\n\n<p>Kieg\u00e9sz\u00edt\u0151k:<br>t\u00e1rol\u00f3-doboz<br>p\u00f3tker\u00e9k tart\u00f3val<br>plusz k\u00e1beltart\u00f3 r\u00fad<br>fut\u00f3m\u0171-stabiliz\u00e1tor AKS 3004<\/p>\n<\/div><\/div>\n\n\n\n<hr class=\"wp-block-separator has-alpha-channel-opacity\"\/>\n\n\n\n<figure class=\"wp-block-embed is-type-video is-provider-youtube wp-block-embed-youtube wp-embed-aspect-4-3 wp-has-aspect-ratio\"><div class=\"wp-block-embed__wrapper\">\n<iframe loading=\"lazy\" title=\"Kabl\u00f3wka WARK z wci\u0105gark\u0105 elektryczn\u0105 3,5t\" width=\"840\" height=\"630\" src=\"https:\/\/www.youtube.com\/embed\/JIHwh8Q53a0?feature=oembed\" frameborder=\"0\" allow=\"accelerometer; autoplay; clipboard-write; encrypted-media; gyroscope; picture-in-picture; web-share\" referrerpolicy=\"strict-origin-when-cross-origin\" allowfullscreen><\/iframe>\n<\/div><\/figure>\n\n\n\n<p><\/p>\n\n\n\n<p><strong>Szem\u00e9lyre szabott modellek\u00e9rt k\u00e9rje \u00e1raj\u00e1nlatunkat:<br><em>Horv\u00e1th J\u00e1nos<\/em> \u00e9rt\u00e9kes\u00edt\u0151<\/strong> <br><strong>hj@srteam-t.eu<\/strong><br><strong>infor@srteam-t.eu +36 20 21 22 900<\/strong><br><\/p>\n","protected":false},"excerpt":{"rendered":"<p>Wark 1350 Wark 2700 Wark 3500 Szem\u00e9lyre szabott modellek\u00e9rt k\u00e9rje \u00e1raj\u00e1nlatunkat:Horv\u00e1th J\u00e1nos \u00e9rt\u00e9kes\u00edt\u0151 hj@srteam-t.euinfor@srteam-t.eu +36 20 21 22 900<\/p>\n","protected":false},"author":1,"featured_media":0,"parent":0,"menu_order":0,"comment_status":"closed","ping_status":"closed","template":"","meta":{"footnotes":""},"class_list":["post-1340","page","type-page","status-publish","hentry"],"_links":{"self":[{"href":"https:\/\/srteam-t.eu\/index.php\/wp-json\/wp\/v2\/pages\/1340","targetHints":{"allow":["GET"]}}],"collection":[{"href":"https:\/\/srteam-t.eu\/index.php\/wp-json\/wp\/v2\/pages"}],"about":[{"href":"https:\/\/srteam-t.eu\/index.php\/wp-json\/wp\/v2\/types\/page"}],"author":[{"embeddable":true,"href":"https:\/\/srteam-t.eu\/index.php\/wp-json\/wp\/v2\/users\/1"}],"replies":[{"embeddable":true,"href":"https:\/\/srteam-t.eu\/index.php\/wp-json\/wp\/v2\/comments?post=1340"}],"version-history":[{"count":41,"href":"https:\/\/srteam-t.eu\/index.php\/wp-json\/wp\/v2\/pages\/1340\/revisions"}],"predecessor-version":[{"id":1492,"href":"https:\/\/srteam-t.eu\/index.php\/wp-json\/wp\/v2\/pages\/1340\/revisions\/1492"}],"wp:attachment":[{"href":"https:\/\/srteam-t.eu\/index.php\/wp-json\/wp\/v2\/media?parent=1340"}],"curies":[{"name":"wp","href":"https:\/\/api.w.org\/{rel}","templated":true}]}}